{"id":8,"date":"2024-02-27T23:59:57","date_gmt":"2024-02-27T23:59:57","guid":{"rendered":"https:\/\/gpem.com.br\/?page_id=8"},"modified":"2025-05-12T16:19:37","modified_gmt":"2025-05-12T16:19:37","slug":"rwizard","status":"publish","type":"page","link":"https:\/\/gpem.com.br\/index.php\/rwizard\/","title":{"rendered":"Softwares"},"content":{"rendered":"\n<p><strong>Biostatistics Software<\/strong><\/p>\n\n\n\n<p>O software Python deve ser previamente instalado: <a href=\"https:\/\/www.python.org\/\">Welcome to Python.org<\/a><\/p>\n\n\n\n<p>Posteriormente fa\u00e7a o Download do Biostatistics e descompacte-o em uma pasta. Basta utilizar o execut\u00e1vel Biostatistics.exe.<\/p>\n\n\n\n<p><strong>Vers\u00e3o para Windows:<\/strong> vers\u00e3o atual V5.12 : <a href=\"https:\/\/gpem.com.br\/index.php\/download\/biostattistics\/\">https:\/\/gpem.com.br\/index.php\/download\/biostatistics\/<\/a><\/p>\n\n\n\n<p>Descompacte o programa e mova-o para uma pasta desejada.<\/p>\n\n\n\n<p>Pela primeira vez que o software BioStatistics for executado ser\u00e3o instalados diversos pacotes do python automaticamente. Esta a\u00e7\u00e3o pode demorar um pouco, dependendo da velocidade da Internet.<\/p>\n\n\n\n<p><strong>Vers\u00e3o para Mac (ARM) V5.12:<\/strong> <a href=\"https:\/\/gpem.com.br\/index.php\/download\/biostatistics_mac\/\">https:\/\/gpem.com.br\/index.php\/download\/biostatistics_mac\/<\/a><\/p>\n\n\n\n<p>Mover o BioSatistics para uma pasta desejada (Ex. Applications), no terminal ir para esse diret\u00f3rio (Ex. cd\/Applications)<\/p>\n\n\n\n<p>verificar se o BioStatistics.app se encontra realmente nesta pasta (ex: ls) e executar o comando no terminal:<\/p>\n\n\n\n<p>xattr -c BioStatistics.app<\/p>\n\n\n\n<p><strong> Vers\u00e3o Linux:<\/strong> Favor entrar em contato: arlindonm@gmail.com<\/p>\n\n\n\n<p>Tutorial: <a href=\"https:\/\/gpem.com.br\/index.php\/download\/tutorial\/\">https:\/\/gpem.com.br\/index.php\/download\/tutorial\/<\/a><\/p>\n","protected":false},"excerpt":{"rendered":"<p>Biostatistics Software O software Python deve ser previamente instalado: Welcome to Python.org Posteriormente fa\u00e7a o Download do Biostatistics e descompacte-o [&hellip;]<\/p>\n","protected":false},"author":1,"featured_media":0,"parent":0,"menu_order":0,"comment_status":"closed","ping_status":"closed","template":"","meta":{"site-sidebar-layout":"default","site-content-layout":"","ast-site-content-layout":"default","site-content-style":"default","site-sidebar-style":"default","ast-global-header-display":"","ast-banner-title-visibility":"","ast-main-header-display":"","ast-hfb-above-header-display":"","ast-hfb-below-header-display":"","ast-hfb-mobile-header-display":"","site-post-title":"","ast-breadcrumbs-content":"","ast-featured-img":"","footer-sml-layout":"","ast-disable-related-posts":"","theme-transparent-header-meta":"","adv-header-id-meta":"","stick-header-meta":"","header-above-stick-meta":"","header-main-stick-meta":"","header-below-stick-meta":"","astra-migrate-meta-layouts":"default","ast-page-background-enabled":"default","ast-page-background-meta":{"desktop":{"background-color":"var(--ast-global-color-4)","background-image":"","background-repeat":"repeat","background-position":"center center","background-size":"auto","background-attachment":"scroll","background-type":"","background-media":"","overlay-type":"","overlay-color":"","overlay-opacity":"","overlay-gradient":""},"tablet":{"background-color":"","background-image":"","background-repeat":"repeat","background-position":"center center","background-size":"auto","background-attachment":"scroll","background-type":"","background-media":"","overlay-type":"","overlay-color":"","overlay-opacity":"","overlay-gradient":""},"mobile":{"background-color":"","background-image":"","background-repeat":"repeat","background-position":"center center","background-size":"auto","background-attachment":"scroll","background-type":"","background-media":"","overlay-type":"","overlay-color":"","overlay-opacity":"","overlay-gradient":""}},"ast-content-background-meta":{"desktop":{"background-color":"var(--ast-global-color-5)","background-image":"","background-repeat":"repeat","background-position":"center center","background-size":"auto","background-attachment":"scroll","background-type":"","background-media":"","overlay-type":"","overlay-color":"","overlay-opacity":"","overlay-gradient":""},"tablet":{"background-color":"var(--ast-global-color-5)","background-image":"","background-repeat":"repeat","background-position":"center center","background-size":"auto","background-attachment":"scroll","background-type":"","background-media":"","overlay-type":"","overlay-color":"","overlay-opacity":"","overlay-gradient":""},"mobile":{"background-color":"var(--ast-global-color-5)","background-image":"","background-repeat":"repeat","background-position":"center center","background-size":"auto","background-attachment":"scroll","background-type":"","background-media":"","overlay-type":"","overlay-color":"","overlay-opacity":"","overlay-gradient":""}},"footnotes":"[]"},"class_list":["post-8","page","type-page","status-publish","hentry"],"_links":{"self":[{"href":"https:\/\/gpem.com.br\/index.php\/wp-json\/wp\/v2\/pages\/8","targetHints":{"allow":["GET"]}}],"collection":[{"href":"https:\/\/gpem.com.br\/index.php\/wp-json\/wp\/v2\/pages"}],"about":[{"href":"https:\/\/gpem.com.br\/index.php\/wp-json\/wp\/v2\/types\/page"}],"author":[{"embeddable":true,"href":"https:\/\/gpem.com.br\/index.php\/wp-json\/wp\/v2\/users\/1"}],"replies":[{"embeddable":true,"href":"https:\/\/gpem.com.br\/index.php\/wp-json\/wp\/v2\/comments?post=8"}],"version-history":[{"count":37,"href":"https:\/\/gpem.com.br\/index.php\/wp-json\/wp\/v2\/pages\/8\/revisions"}],"predecessor-version":[{"id":196,"href":"https:\/\/gpem.com.br\/index.php\/wp-json\/wp\/v2\/pages\/8\/revisions\/196"}],"wp:attachment":[{"href":"https:\/\/gpem.com.br\/index.php\/wp-json\/wp\/v2\/media?parent=8"}],"curies":[{"name":"wp","href":"https:\/\/api.w.org\/{rel}","templated":true}]}}